{"id":142,"date":"2023-04-17T15:24:17","date_gmt":"2023-04-17T15:24:17","guid":{"rendered":"https:\/\/marcelacanedo.com\/?page_id=142"},"modified":"2025-07-17T02:14:20","modified_gmt":"2025-07-17T02:14:20","slug":"experiencia","status":"publish","type":"page","link":"https:\/\/marcelacanedo.info.bo\/index.php\/experiencia\/","title":{"rendered":"Experiencia"},"content":{"rendered":"<p>[et_pb_section fb_built=&#8221;1&#8243; background_color_2=&#8221;#141617&#8243; admin_label=&#8221;Header&#8221; _builder_version=&#8221;4.20.4&#8243; use_background_color_gradient=&#8221;on&#8221; background_color_gradient_stops=&#8221;#e3b155 0%|#fdb15b 100%&#8221; background_color_gradient_start=&#8221;#ffdb8b&#8221; background_color_gradient_end=&#8221;#fdb15b&#8221; z_index=&#8221;1&#8243; max_width=&#8221;80vw&#8221; overflow-y=&#8221;visible&#8221; custom_margin=&#8221;||50px|||&#8221; custom_padding=&#8221;|||||&#8221; locked=&#8221;off&#8221; global_colors_info=&#8221;{}&#8221;][et_pb_row custom_padding_last_edited=&#8221;on|desktop&#8221; _builder_version=&#8221;4.20.4&#8243; use_background_color_gradient=&#8221;on&#8221; background_color_gradient_direction=&#8221;162deg&#8221; background_color_gradient_stops=&#8221;#8bc799 0%|#84b09b 100%&#8221; background_color_gradient_start=&#8221;#fd7b5b&#8221; background_color_gradient_end=&#8221;#a92200&#8243; transform_scale_tablet=&#8221;&#8221; transform_scale_phone=&#8221;&#8221; transform_scale_last_edited=&#8221;on|desktop&#8221; transform_translate=&#8221;10vw|0px&#8221; transform_translate_tablet=&#8221;&#8221; transform_translate_phone=&#8221;5vw|0px&#8221; transform_translate_last_edited=&#8221;on|desktop&#8221; transform_translate_linked=&#8221;off&#8221; transform_rotate_tablet=&#8221;&#8221; transform_rotate_phone=&#8221;&#8221; transform_rotate_last_edited=&#8221;on|desktop&#8221; transform_skew_tablet=&#8221;&#8221; transform_skew_phone=&#8221;&#8221; transform_skew_last_edited=&#8221;on|desktop&#8221; transform_origin_tablet=&#8221;&#8221; transform_origin_phone=&#8221;&#8221; transform_origin_last_edited=&#8221;on|desktop&#8221; transform_styles_last_edited=&#8221;on|desktop&#8221; width=&#8221;80vw&#8221; width_tablet=&#8221;&#8221; width_phone=&#8221;90vw&#8221; width_last_edited=&#8221;on|desktop&#8221; custom_margin=&#8221;||-120px&#8221; custom_padding=&#8221;60px|60px|60px|60px|true|true&#8221; custom_padding_tablet=&#8221;&#8221; custom_padding_phone=&#8221;40px||40px|20px|true&#8221; transform_styles_tablet=&#8221;&#8221; transform_styles_phone=&#8221;&#8221; box_shadow_style=&#8221;preset1&#8243; box_shadow_vertical=&#8221;64px&#8221; box_shadow_blur=&#8221;64px&#8221; box_shadow_spread=&#8221;-12px&#8221; box_shadow_color=&#8221;rgba(20,22,23,0.24)&#8221; global_colors_info=&#8221;{}&#8221;][et_pb_column type=&#8221;4_4&#8243; _builder_version=&#8221;4.16&#8243; custom_padding=&#8221;|||&#8221; global_colors_info=&#8221;{}&#8221; custom_padding__hover=&#8221;|||&#8221;][et_pb_text _builder_version=&#8221;4.20.4&#8243; text_font=&#8221;Montserrat||||||||&#8221; text_letter_spacing=&#8221;3px&#8221; header_font=&#8221;Lemon Milk Regular|700|||||||&#8221; header_font_size=&#8221;100px&#8221; header_letter_spacing=&#8221;-3px&#8221; header_line_height=&#8221;0.9em&#8221; header_2_font=&#8221;Letter Gothic STD Medium|||on|||||&#8221; header_2_font_size=&#8221;24px&#8221; header_2_letter_spacing=&#8221;2px&#8221; header_2_line_height=&#8221;1.8em&#8221; background_layout=&#8221;dark&#8221; header_font_size_tablet=&#8221;60px&#8221; header_font_size_phone=&#8221;40px&#8221; header_font_size_last_edited=&#8221;on|phone&#8221; header_2_font_size_tablet=&#8221;14px&#8221; header_2_font_size_phone=&#8221;&#8221; header_2_font_size_last_edited=&#8221;on|tablet&#8221; locked=&#8221;off&#8221; global_colors_info=&#8221;{}&#8221;]<\/p>\n<h2>EXPERIENCIA: INCUBADORA DE\u00a0<\/h2>\n<h1>EMPRESAS<\/h1>\n<p>[\/et_pb_text][\/et_pb_column][\/et_pb_row][\/et_pb_section][et_pb_section fb_built=&#8221;1&#8243; admin_label=&#8221;Features&#8221; _builder_version=&#8221;4.16&#8243; collapsed=&#8221;on&#8221; global_colors_info=&#8221;{}&#8221;][et_pb_row column_structure=&#8221;2_5,3_5&#8243; _builder_version=&#8221;4.16&#8243; global_colors_info=&#8221;{}&#8221;][et_pb_column type=&#8221;2_5&#8243; _builder_version=&#8221;4.16&#8243; custom_padding=&#8221;3vw|||&#8221; global_colors_info=&#8221;{}&#8221; custom_padding__hover=&#8221;|||&#8221;][et_pb_text _builder_version=&#8221;4.20.4&#8243; text_font=&#8221;Montserrat||||||||&#8221; text_letter_spacing=&#8221;3px&#8221; header_font=&#8221;||||||||&#8221; header_2_font=&#8221;Lemon Milk Regular|700||on|||||&#8221; header_2_font_size=&#8221;46px&#8221; header_3_font=&#8221;Letter Gothic STD Medium|||on|||||&#8221; header_3_text_color=&#8221;rgba(0,0,0,0.4)&#8221; header_3_font_size=&#8221;12px&#8221; header_3_letter_spacing=&#8221;1px&#8221; header_3_line_height=&#8221;1.8em&#8221; custom_margin=&#8221;||0px&#8221; header_2_font_size_tablet=&#8221;&#8221; header_2_font_size_phone=&#8221;30px&#8221; header_2_font_size_last_edited=&#8221;on|phone&#8221; locked=&#8221;off&#8221; global_colors_info=&#8221;{}&#8221;]<\/p>\n<h3>CONOCE LAS MARCAS QUE\u00a0<\/h3>\n<h2>CREAMOS JUNTOS\u00a0<\/h2>\n<p>[\/et_pb_text][et_pb_divider color=&#8221;rgba(20,22,23,0.06)&#8221; divider_weight=&#8221;12px&#8221; _builder_version=&#8221;4.16&#8243; z_index=&#8221;-1&#8243; width=&#8221;250px&#8221; custom_margin=&#8221;-22px||&#8221; custom_margin_tablet=&#8221;&#8221; custom_margin_phone=&#8221;-18px||&#8221; custom_margin_last_edited=&#8221;on|desktop&#8221; locked=&#8221;off&#8221; global_colors_info=&#8221;{}&#8221;][\/et_pb_divider][et_pb_text _builder_version=&#8221;4.16&#8243; text_font=&#8221;||||||||&#8221; text_font_size=&#8221;16px&#8221; text_line_height=&#8221;2em&#8221; global_colors_info=&#8221;{}&#8221;][\/et_pb_text][\/et_pb_column][et_pb_column type=&#8221;3_5&#8243; _builder_version=&#8221;4.16&#8243; custom_padding=&#8221;|||&#8221; global_colors_info=&#8221;{}&#8221; custom_padding__hover=&#8221;|||&#8221;][et_pb_image src=&#8221;https:\/\/marcelacanedo.info.bo\/wp-content\/uploads\/2023\/04\/incubadora.jpeg&#8221; title_text=&#8221;incubadora&#8221; _builder_version=&#8221;4.24.1&#8243; _module_preset=&#8221;default&#8221; hover_enabled=&#8221;0&#8243; global_colors_info=&#8221;{}&#8221; sticky_enabled=&#8221;0&#8243;][\/et_pb_image][\/et_pb_column][\/et_pb_row][et_pb_row _builder_version=&#8221;4.20.4&#8243; _module_preset=&#8221;default&#8221; global_colors_info=&#8221;{}&#8221;][et_pb_column type=&#8221;4_4&#8243; _builder_version=&#8221;4.20.4&#8243; _module_preset=&#8221;default&#8221; global_colors_info=&#8221;{}&#8221;][et_pb_text quote_border_color=&#8221;#84B09B&#8221; _builder_version=&#8221;4.20.4&#8243; _module_preset=&#8221;default&#8221; header_4_font=&#8221;Letter Gothic STD Medium||||||||&#8221; header_4_font_size=&#8221;23px&#8221; global_colors_info=&#8221;{}&#8221;]<\/p>\n<p lang=\"es-ES-u-co-trad\" class=\"western\"><span style=\"font-size: small;\">La <\/span><span style=\"font-size: small;\">Incubadora <\/span><span style=\"font-size: small;\">de <\/span><span style=\"font-size: small;\">Empresa del Gobierno Aut\u00f3nomo Municipal de Tarija (GAMT) es un programa p\u00fablico creado para fomentar la cultura emprendedora y la creaci\u00f3n de empresas innovadoras, socialmente responsables, escalables y de alto impacto en Tarija y Bolivia. <\/span><\/p>\n<p lang=\"es-ES-u-co-trad\" class=\"western\"><span style=\"font-size: small;\">Durante la gesti\u00f3n 2017 y 2020 trabaje junto a la Incubadora de Empresa como <strong><em>Asesora en Identidad Corporativa y Marketing Digital, <\/em><\/strong>\u00bfEl objeto?\u00a0 fortalecer a 53 emprendimientos, algunos nuevos, otros con algo de experiencia, respecto a su presencia digital en Redes Sociales a trav\u00e9s de Marketing Estrat\u00e9gico. <\/span><\/p>\n<p lang=\"es-ES-u-co-trad\" class=\"western\"><span style=\"font-size: small;\">Para este cometido mi trabajo inici\u00f3 con la realizaci\u00f3n de un diagnostico sobre la identidad visual de cada uno y el\u00a0 estado de sus\u00a0 comunicaciones, para crear, a partir de ahi,\u00a0 un plan que fortalezca su identidad visual y presencia en plataformas y redes online. <\/span><span style=\"font-size: small;\">Los resultados para los 53 incubados tras 8 meses de trabajo, fueron a medida! \u2026 justo lo que necesitaban <\/span><span style=\"font-size: small;\"><b>Visibilidad y Engagement<\/b><\/span><span style=\"font-size: small;\"> para su marca.<\/span><\/p>\n<p lang=\"es-ES-u-co-trad\" class=\"western\"><span style=\"font-size: small;\"><\/span><\/p>\n<p lang=\"es-ES-u-co-trad\" class=\"western\"><span style=\"font-size: small;\"><\/span><\/p>\n<p lang=\"es-ES-u-co-trad\" class=\"western\"><span style=\"font-size: small;\"><\/span><\/p>\n<h4 lang=\"es-ES-u-co-trad\" class=\"western\"><span style=\"color: #84b09b;\"><b>Resultados<\/b><\/span><\/h4>\n<blockquote>\n<ul>\n<li lang=\"es-ES-u-co-trad\"><span style=\"font-size: small;\"><i><strong>Dise\u00f1o<\/strong> \u2013 y en algunos casos readecuaci\u00f3n &#8211; de la identidad visual de 53 emprendimientos <\/i><\/span><\/li>\n<li lang=\"es-ES-u-co-trad\"><span style=\"font-size: small;\"><strong><em>Normativa de uso<\/em><\/strong><i> en cuanto a colores, tipograf\u00edas, tama\u00f1os y otros elementos que hacen a la identidad visual de Marca. <\/i><\/span><\/li>\n<li lang=\"es-ES-u-co-trad\"><span style=\"font-size: small;\"><i>Dise\u00f1o de un <\/i><em><strong>Plan de Marketing Digital <\/strong><\/em><i>para cada una de los emprendimientos incubados <\/i><\/span><\/li>\n<li lang=\"es-ES-u-co-trad\"><span style=\"font-size: small;\"><i><strong>Dise\u00f1o de 1 campa\u00f1a<\/strong> de lanzamiento de productos o servicios en redes sociales para cada emprendimiento <\/i><\/span><\/li>\n<li lang=\"es-ES-u-co-trad\"><span style=\"font-size: small;\"><i><strong>Producci\u00f3n gr\u00e1fica<\/strong> de artes de campa\u00f1a con un total de 212 artes<\/i><\/span><\/li>\n<li lang=\"es-ES-u-co-trad\"><span style=\"font-size: small;\"><strong><em>Programaci\u00f3n y optimizaci\u00f3n de 53 campa\u00f1as<\/em><\/strong><i> en Redes Sociales con alcance a 5 departamentos de Bolivia.<\/i><\/span><\/li>\n<\/ul>\n<\/blockquote>\n<p>[\/et_pb_text][\/et_pb_column][\/et_pb_row][\/et_pb_section][et_pb_section fb_built=&#8221;1&#8243; custom_padding_last_edited=&#8221;on|tablet&#8221; admin_label=&#8221;Gallery&#8221; _builder_version=&#8221;4.16&#8243; background_color=&#8221;#f3f6f9&#8243; z_index=&#8221;999&#8243; width=&#8221;90%&#8221; module_alignment=&#8221;right&#8221; custom_padding=&#8221;0px||&#8221; custom_padding_tablet=&#8221;50px|||&#8221; custom_padding_phone=&#8221;&#8221; locked=&#8221;off&#8221; collapsed=&#8221;on&#8221; global_colors_info=&#8221;{}&#8221;][et_pb_row _builder_version=&#8221;4.16&#8243; global_colors_info=&#8221;{}&#8221;][et_pb_column type=&#8221;4_4&#8243; _builder_version=&#8221;4.16&#8243; custom_padding=&#8221;|||&#8221; global_colors_info=&#8221;{}&#8221; custom_padding__hover=&#8221;|||&#8221;][et_pb_text _builder_version=&#8221;4.20.4&#8243; text_font=&#8221;Montserrat||||||||&#8221; text_letter_spacing=&#8221;3px&#8221; header_font=&#8221;||||||||&#8221; header_2_font=&#8221;Lemon Milk Regular|700||on|||||&#8221; header_2_font_size=&#8221;46px&#8221; header_3_font=&#8221;Letter Gothic STD Medium|||on|||||&#8221; header_3_text_color=&#8221;rgba(0,0,0,0.4)&#8221; header_3_font_size=&#8221;12px&#8221; header_3_letter_spacing=&#8221;1px&#8221; header_3_line_height=&#8221;1.8em&#8221; custom_margin=&#8221;||0px&#8221; header_2_font_size_tablet=&#8221;&#8221; header_2_font_size_phone=&#8221;30px&#8221; header_2_font_size_last_edited=&#8221;on|phone&#8221; locked=&#8221;off&#8221; global_colors_info=&#8221;{}&#8221;]<\/p>\n<h3>algo de mi\u00a0<\/h3>\n<h2>portafolio<\/h2>\n<p>[\/et_pb_text][et_pb_divider color=&#8221;#84b09b&#8221; divider_weight=&#8221;12px&#8221; _builder_version=&#8221;4.20.4&#8243; z_index=&#8221;-1&#8243; width=&#8221;250px&#8221; custom_margin=&#8221;-22px||&#8221; custom_margin_tablet=&#8221;&#8221; custom_margin_phone=&#8221;-18px||&#8221; custom_margin_last_edited=&#8221;on|desktop&#8221; locked=&#8221;off&#8221; global_colors_info=&#8221;{}&#8221;][\/et_pb_divider][\/et_pb_column][\/et_pb_row][et_pb_row _builder_version=&#8221;4.20.4&#8243; _module_preset=&#8221;default&#8221; global_colors_info=&#8221;{}&#8221;][et_pb_column type=&#8221;4_4&#8243; _builder_version=&#8221;4.20.4&#8243; _module_preset=&#8221;default&#8221; global_colors_info=&#8221;{}&#8221;][ba_image_carousel _builder_version=&#8221;4.20.4&#8243; _module_preset=&#8221;default&#8221; global_colors_info=&#8221;{}&#8221;][ba_image_carousel_child photo=&#8221;https:\/\/marcelacanedo.com\/wp-content\/uploads\/2023\/04\/incubadora3.jpg&#8221; _builder_version=&#8221;4.20.4&#8243; _module_preset=&#8221;default&#8221; global_colors_info=&#8221;{}&#8221;][\/ba_image_carousel_child][ba_image_carousel_child photo=&#8221;https:\/\/marcelacanedo.com\/wp-content\/uploads\/2023\/04\/incubadora4.jpg&#8221; _builder_version=&#8221;4.20.4&#8243; _module_preset=&#8221;default&#8221; global_colors_info=&#8221;{}&#8221;][\/ba_image_carousel_child][ba_image_carousel_child photo=&#8221;https:\/\/marcelacanedo.com\/wp-content\/uploads\/2023\/04\/incubadora17.jpg&#8221; _builder_version=&#8221;4.20.4&#8243; _module_preset=&#8221;default&#8221; global_colors_info=&#8221;{}&#8221;][\/ba_image_carousel_child][ba_image_carousel_child photo=&#8221;https:\/\/marcelacanedo.com\/wp-content\/uploads\/2023\/04\/incubadora9.jpg&#8221; _builder_version=&#8221;4.20.4&#8243; _module_preset=&#8221;default&#8221; global_colors_info=&#8221;{}&#8221;][\/ba_image_carousel_child][ba_image_carousel_child photo=&#8221;https:\/\/marcelacanedo.com\/wp-content\/uploads\/2023\/04\/incubadora10.jpg&#8221; _builder_version=&#8221;4.20.4&#8243; _module_preset=&#8221;default&#8221; global_colors_info=&#8221;{}&#8221;][\/ba_image_carousel_child][ba_image_carousel_child photo=&#8221;https:\/\/marcelacanedo.com\/wp-content\/uploads\/2023\/04\/incubadora1.jpg&#8221; _builder_version=&#8221;4.20.4&#8243; _module_preset=&#8221;default&#8221; background_enable_image=&#8221;off&#8221; global_colors_info=&#8221;{}&#8221;][\/ba_image_carousel_child][ba_image_carousel_child photo=&#8221;https:\/\/marcelacanedo.com\/wp-content\/uploads\/2023\/04\/incubadora16.jpg&#8221; _builder_version=&#8221;4.20.4&#8243; _module_preset=&#8221;default&#8221; global_colors_info=&#8221;{}&#8221;][\/ba_image_carousel_child][ba_image_carousel_child photo=&#8221;https:\/\/marcelacanedo.com\/wp-content\/uploads\/2023\/04\/incubadora18.jpg&#8221; _builder_version=&#8221;4.20.4&#8243; _module_preset=&#8221;default&#8221; global_colors_info=&#8221;{}&#8221;][\/ba_image_carousel_child][ba_image_carousel_child photo=&#8221;https:\/\/marcelacanedo.com\/wp-content\/uploads\/2023\/04\/incubadora19.jpg&#8221; _builder_version=&#8221;4.20.4&#8243; _module_preset=&#8221;default&#8221; global_colors_info=&#8221;{}&#8221;][\/ba_image_carousel_child][\/ba_image_carousel][\/et_pb_column][\/et_pb_row][\/et_pb_section][et_pb_section fb_built=&#8221;1&#8243; admin_label=&#8221;Features&#8221; _builder_version=&#8221;4.16&#8243; collapsed=&#8221;on&#8221; global_colors_info=&#8221;{}&#8221;][\/et_pb_section][et_pb_section fb_built=&#8221;1&#8243; admin_label=&#8221;Footer&#8221; _builder_version=&#8221;4.16&#8243; background_color=&#8221;#24272a&#8221; locked=&#8221;off&#8221; global_colors_info=&#8221;{}&#8221;][et_pb_row column_structure=&#8221;1_2,1_2&#8243; custom_padding_last_edited=&#8221;off|tablet&#8221; _builder_version=&#8221;4.16&#8243; custom_margin_tablet=&#8221;||0px&#8221; global_colors_info=&#8221;{}&#8221;][et_pb_column type=&#8221;1_2&#8243; _builder_version=&#8221;4.16&#8243; custom_padding=&#8221;|||&#8221; global_colors_info=&#8221;{}&#8221; custom_padding__hover=&#8221;|||&#8221;][et_pb_text _builder_version=&#8221;4.20.4&#8243; text_font=&#8221;Montserrat||||||||&#8221; text_letter_spacing=&#8221;3px&#8221; header_font=&#8221;||||||||&#8221; header_2_font=&#8221;Lemon Milk Regular|700||on|||||&#8221; header_2_font_size=&#8221;46px&#8221; header_3_font=&#8221;Letter Gothic STD Medium|||on|||||&#8221; header_3_text_color=&#8221;rgba(255,255,255,0.4)&#8221; header_3_font_size=&#8221;12px&#8221; header_3_letter_spacing=&#8221;1px&#8221; header_3_line_height=&#8221;1.8em&#8221; header_4_font=&#8221;Letter Gothic STD Medium|||on|||||&#8221; background_layout=&#8221;dark&#8221; header_2_font_size_tablet=&#8221;&#8221; header_2_font_size_phone=&#8221;30px&#8221; header_2_font_size_last_edited=&#8221;on|phone&#8221; locked=&#8221;off&#8221; global_colors_info=&#8221;{}&#8221;]<\/p>\n<h3>EXPERIENCIAS<\/h3>\n<h2>MARCELA CANEDO<\/h2>\n<h4>COMUNICADORA ESTRATEGA<\/h4>\n<p>[\/et_pb_text][\/et_pb_column][et_pb_column type=&#8221;1_2&#8243; _builder_version=&#8221;4.16&#8243; custom_padding=&#8221;30px|||&#8221; global_colors_info=&#8221;{}&#8221; custom_padding__hover=&#8221;|||&#8221;][et_pb_button button_text=&#8221;QUIERO TU SERVICIO&#8221; button_alignment=&#8221;right&#8221; _builder_version=&#8221;4.20.4&#8243; custom_button=&#8221;on&#8221; button_text_size=&#8221;13px&#8221; button_text_color=&#8221;#ffffff&#8221; button_bg_color=&#8221;#f56845&#8243; button_border_width=&#8221;0px&#8221; button_border_radius=&#8221;0px&#8221; button_letter_spacing=&#8221;2px&#8221; button_font=&#8221;|700||on|||||&#8221; button_icon=&#8221;&#x4c;||divi||400&#8243; button_on_hover=&#8221;off&#8221; custom_margin=&#8221;|||-12px&#8221; custom_padding=&#8221;16px|48px|16px|32px|true|false&#8221; custom_padding_last_edited=&#8221;off|desktop&#8221; locked=&#8221;off&#8221; global_colors_info=&#8221;{}&#8221; custom_padding__hover_enabled=&#8221;on&#8221; custom_padding__hover=&#8221;|52px||36px&#8221;][\/et_pb_button][\/et_pb_column][\/et_pb_row][\/et_pb_section]<\/p>\n","protected":false},"excerpt":{"rendered":"<p>EXPERIENCIA: INCUBADORA DE\u00a0 EMPRESASCONOCE LAS MARCAS QUE\u00a0 CREAMOS JUNTOS\u00a0La Incubadora de Empresa del Gobierno Aut\u00f3nomo Municipal de Tarija (GAMT) es un programa p\u00fablico creado para fomentar la cultura emprendedora y la creaci\u00f3n de empresas innovadoras, socialmente responsables, escalables y de alto impacto en Tarija y Bolivia. Durante la gesti\u00f3n 2017 y 2020 trabaje junto a [&hellip;]<\/p>\n","protected":false},"author":1,"featured_media":0,"parent":0,"menu_order":0,"comment_status":"closed","ping_status":"closed","template":"","meta":{"_et_pb_use_builder":"on","_et_pb_old_content":"","_et_gb_content_width":"","footnotes":""},"class_list":["post-142","page","type-page","status-publish","hentry"],"_links":{"self":[{"href":"https:\/\/marcelacanedo.info.bo\/index.php\/wp-json\/wp\/v2\/pages\/142","targetHints":{"allow":["GET"]}}],"collection":[{"href":"https:\/\/marcelacanedo.info.bo\/index.php\/wp-json\/wp\/v2\/pages"}],"about":[{"href":"https:\/\/marcelacanedo.info.bo\/index.php\/wp-json\/wp\/v2\/types\/page"}],"author":[{"embeddable":true,"href":"https:\/\/marcelacanedo.info.bo\/index.php\/wp-json\/wp\/v2\/users\/1"}],"replies":[{"embeddable":true,"href":"https:\/\/marcelacanedo.info.bo\/index.php\/wp-json\/wp\/v2\/comments?post=142"}],"version-history":[{"count":16,"href":"https:\/\/marcelacanedo.info.bo\/index.php\/wp-json\/wp\/v2\/pages\/142\/revisions"}],"predecessor-version":[{"id":753,"href":"https:\/\/marcelacanedo.info.bo\/index.php\/wp-json\/wp\/v2\/pages\/142\/revisions\/753"}],"wp:attachment":[{"href":"https:\/\/marcelacanedo.info.bo\/index.php\/wp-json\/wp\/v2\/media?parent=142"}],"curies":[{"name":"wp","href":"https:\/\/api.w.org\/{rel}","templated":true}]}}