{"id":149,"date":"2023-04-18T15:09:12","date_gmt":"2023-04-18T15:09:12","guid":{"rendered":"https:\/\/marcelacanedo.com\/?page_id=149"},"modified":"2025-07-16T20:03:01","modified_gmt":"2025-07-16T20:03:01","slug":"149-2","status":"publish","type":"page","link":"https:\/\/marcelacanedo.info.bo\/index.php\/149-2\/","title":{"rendered":"comunicacion360"},"content":{"rendered":"<p>[et_pb_section fb_built=&#8221;1&#8243; background_color_2=&#8221;#141617&#8243; admin_label=&#8221;Header&#8221; _builder_version=&#8221;4.20.4&#8243; use_background_color_gradient=&#8221;on&#8221; background_color_gradient_stops=&#8221;#e3b155 0%|#fdb15b 100%&#8221; background_color_gradient_start=&#8221;#ffdb8b&#8221; background_color_gradient_end=&#8221;#fdb15b&#8221; z_index=&#8221;1&#8243; max_width=&#8221;80vw&#8221; overflow-y=&#8221;visible&#8221; custom_margin=&#8221;||50px|||&#8221; custom_padding=&#8221;|||||&#8221; locked=&#8221;off&#8221; global_colors_info=&#8221;{}&#8221;][et_pb_row custom_padding_last_edited=&#8221;on|desktop&#8221; _builder_version=&#8221;4.20.4&#8243; use_background_color_gradient=&#8221;on&#8221; background_color_gradient_direction=&#8221;162deg&#8221; background_color_gradient_stops=&#8221;#8bc799 0%|#84b09b 100%&#8221; background_color_gradient_start=&#8221;#fd7b5b&#8221; background_color_gradient_end=&#8221;#a92200&#8243; transform_scale_tablet=&#8221;&#8221; transform_scale_phone=&#8221;&#8221; transform_scale_last_edited=&#8221;on|desktop&#8221; transform_translate=&#8221;10vw|0px&#8221; transform_translate_tablet=&#8221;&#8221; transform_translate_phone=&#8221;5vw|0px&#8221; transform_translate_last_edited=&#8221;on|desktop&#8221; transform_translate_linked=&#8221;off&#8221; transform_rotate_tablet=&#8221;&#8221; transform_rotate_phone=&#8221;&#8221; transform_rotate_last_edited=&#8221;on|desktop&#8221; transform_skew_tablet=&#8221;&#8221; transform_skew_phone=&#8221;&#8221; transform_skew_last_edited=&#8221;on|desktop&#8221; transform_origin_tablet=&#8221;&#8221; transform_origin_phone=&#8221;&#8221; transform_origin_last_edited=&#8221;on|desktop&#8221; transform_styles_last_edited=&#8221;on|desktop&#8221; width=&#8221;80vw&#8221; width_tablet=&#8221;&#8221; width_phone=&#8221;90vw&#8221; width_last_edited=&#8221;on|desktop&#8221; custom_margin=&#8221;||-120px&#8221; custom_padding=&#8221;60px|60px|60px|60px|true|true&#8221; custom_padding_tablet=&#8221;&#8221; custom_padding_phone=&#8221;40px||40px|20px|true&#8221; transform_styles_tablet=&#8221;&#8221; transform_styles_phone=&#8221;&#8221; box_shadow_style=&#8221;preset1&#8243; box_shadow_vertical=&#8221;64px&#8221; box_shadow_blur=&#8221;64px&#8221; box_shadow_spread=&#8221;-12px&#8221; box_shadow_color=&#8221;rgba(20,22,23,0.24)&#8221; global_colors_info=&#8221;{}&#8221;][et_pb_column type=&#8221;4_4&#8243; _builder_version=&#8221;4.16&#8243; custom_padding=&#8221;|||&#8221; global_colors_info=&#8221;{}&#8221; custom_padding__hover=&#8221;|||&#8221;][et_pb_text _builder_version=&#8221;4.20.4&#8243; text_font=&#8221;Montserrat||||||||&#8221; text_letter_spacing=&#8221;3px&#8221; header_font=&#8221;Lemon Milk Regular|700|||||||&#8221; header_font_size=&#8221;88px&#8221; header_letter_spacing=&#8221;-3px&#8221; header_line_height=&#8221;0.9em&#8221; header_2_font=&#8221;Letter Gothic STD Medium|||on|||||&#8221; header_2_font_size=&#8221;32px&#8221; header_2_letter_spacing=&#8221;2px&#8221; header_2_line_height=&#8221;1.8em&#8221; background_layout=&#8221;dark&#8221; header_font_size_tablet=&#8221;60px&#8221; header_font_size_phone=&#8221;40px&#8221; header_font_size_last_edited=&#8221;on|phone&#8221; header_2_font_size_tablet=&#8221;14px&#8221; header_2_font_size_phone=&#8221;&#8221; header_2_font_size_last_edited=&#8221;on|tablet&#8221; locked=&#8221;off&#8221; global_colors_info=&#8221;{}&#8221;]<\/p>\n<h2>Servicio<\/h2>\n<h1>Comunicacion 360<\/h1>\n<p>[\/et_pb_text][\/et_pb_column][\/et_pb_row][\/et_pb_section][et_pb_section fb_built=&#8221;1&#8243; admin_label=&#8221;Features&#8221; _builder_version=&#8221;4.16&#8243; collapsed=&#8221;on&#8221; global_colors_info=&#8221;{}&#8221;][et_pb_row column_structure=&#8221;2_5,3_5&#8243; _builder_version=&#8221;4.16&#8243; global_colors_info=&#8221;{}&#8221;][et_pb_column type=&#8221;2_5&#8243; _builder_version=&#8221;4.16&#8243; custom_padding=&#8221;3vw|||&#8221; global_colors_info=&#8221;{}&#8221; custom_padding__hover=&#8221;|||&#8221;][et_pb_text _builder_version=&#8221;4.20.4&#8243; text_font=&#8221;Letter Gothic STD Medium||||||||&#8221; text_letter_spacing=&#8221;3px&#8221; header_font=&#8221;||||||||&#8221; header_2_font=&#8221;Lemon Milk Regular|700||on|||||&#8221; header_2_font_size=&#8221;46px&#8221; header_3_font=&#8221;Letter Gothic STD Medium||||||||&#8221; header_3_text_color=&#8221;rgba(0,0,0,0.4)&#8221; header_3_font_size=&#8221;28px&#8221; header_3_letter_spacing=&#8221;1px&#8221; header_3_line_height=&#8221;1.8em&#8221; custom_margin=&#8221;||0px&#8221; header_2_font_size_tablet=&#8221;&#8221; header_2_font_size_phone=&#8221;30px&#8221; header_2_font_size_last_edited=&#8221;on|phone&#8221; locked=&#8221;off&#8221; global_colors_info=&#8221;{}&#8221;]<\/p>\n<h3>comunicate con<\/h3>\n<h2>360 grados de impacto<\/h2>\n<p>&nbsp;<\/p>\n<p>[\/et_pb_text][et_pb_divider color=&#8221;rgba(20,22,23,0.06)&#8221; divider_weight=&#8221;12px&#8221; _builder_version=&#8221;4.16&#8243; z_index=&#8221;-1&#8243; width=&#8221;250px&#8221; custom_margin=&#8221;-22px||&#8221; custom_margin_tablet=&#8221;&#8221; custom_margin_phone=&#8221;-18px||&#8221; custom_margin_last_edited=&#8221;on|desktop&#8221; locked=&#8221;off&#8221; global_colors_info=&#8221;{}&#8221;][\/et_pb_divider][\/et_pb_column][et_pb_column type=&#8221;3_5&#8243; _builder_version=&#8221;4.16&#8243; custom_padding=&#8221;|||&#8221; global_colors_info=&#8221;{}&#8221; custom_padding__hover=&#8221;|||&#8221;][\/et_pb_column][\/et_pb_row][et_pb_row _builder_version=&#8221;4.20.4&#8243; _module_preset=&#8221;default&#8221; global_colors_info=&#8221;{}&#8221;][et_pb_column type=&#8221;4_4&#8243; _builder_version=&#8221;4.20.4&#8243; _module_preset=&#8221;default&#8221; global_colors_info=&#8221;{}&#8221;][et_pb_text quote_border_color=&#8221;#84B09B&#8221; _builder_version=&#8221;4.24.1&#8243; text_font=&#8221;||||||||&#8221; text_font_size=&#8221;16px&#8221; text_line_height=&#8221;2em&#8221; header_3_font=&#8221;Lemon Milk Regular||||||||&#8221; header_3_text_color=&#8221;#84b09b&#8221; header_4_font=&#8221;Lemon Milk Regular||||||||&#8221; header_4_text_color=&#8221;#84B09B&#8221; header_4_font_size=&#8221;17px&#8221; global_colors_info=&#8221;{}&#8221;]<\/p>\n<p style=\"text-align: left;\">Lograr un verdadero impacto en la comunidad y p\u00fablicos de inter\u00e9s para tu empresa demanda un trabajo estrat\u00e9gico bien planificado, que abarque todas las \u00e1reas de la Comunicaci\u00f3n Corporativa: Comunicaci\u00f3n Interna, Externa, Gr\u00e1fica\u00a0 y por supuesto, Relaciones P\u00fablicas.<\/p>\n<p>Tomarse el tiempo para <i>dise\u00f1ar un plan as\u00ed &#8211; <\/i>conocido como \u00a0<strong><em>Plan Integral de<\/em><\/strong> <i><b>Comunicaci\u00f3n Estrat\u00e9gica Corporativa &#8211;<\/b><\/i> lograr\u00e1 ese intangible que le da tanto valor a una marca:<\/p>\n<h4 style=\"text-align: center;\"><span>\u00a1Coherencia total en lo que lo que tu Marca <\/span><i><b>HACE Y DICE <\/b><\/i><span>!<\/span><br \/><span style=\"font-size: large;\"><\/span><\/h4>\n<p lang=\"es-ES-u-co-trad\" class=\"western\">Si tu empresa o proyecto busca seriamente gestionar su r<i>eputaci\u00f3n corporativa<\/i> y ordenar sus relaciones con la comunidad y stakeholders, este servicio es lo que necesitas.<\/p>\n<h3 lang=\"es-ES-u-co-trad\" class=\"western\" style=\"text-align: left;\"><b>\u00a0 RESULTADOS<\/b><\/h3>\n<blockquote>\n<ul>\n<li lang=\"es-ES-u-co-trad\" style=\"text-align: left;\">Tener un<i> Plan en Comunicaci\u00f3n Corporativa con enfoque 360, <\/i>donde las acciones en comunicaci\u00f3n estan estrat\u00e9gicamente identificadas y\u00a0 planificadas.<\/li>\n<li lang=\"es-ES-u-co-trad\" style=\"text-align: left;\">Contar con un Diagn\u00f3stico situacional de la comunicaci\u00f3n inicial que identifica \u00e1reas a mejorar.<\/li>\n<li lang=\"es-ES-u-co-trad\" style=\"text-align: left;\">Contar con informaci\u00f3n relevante para medir los progresos y ajustar la estrategia a trav\u00e9s del tiempo.<\/li>\n<\/ul>\n<\/blockquote>\n<p>[\/et_pb_text][\/et_pb_column][\/et_pb_row][\/et_pb_section][et_pb_section fb_built=&#8221;1&#8243; custom_padding_last_edited=&#8221;on|tablet&#8221; admin_label=&#8221;Gallery&#8221; _builder_version=&#8221;4.20.4&#8243; background_color=&#8221;#f3f6f9&#8243; z_index=&#8221;999&#8243; width=&#8221;100%&#8221; max_width=&#8221;100%&#8221; module_alignment=&#8221;center&#8221; custom_padding=&#8221;0px||&#8221; custom_padding_tablet=&#8221;50px|||&#8221; custom_padding_phone=&#8221;&#8221; locked=&#8221;off&#8221; collapsed=&#8221;off&#8221; global_colors_info=&#8221;{}&#8221;][et_pb_row _builder_version=&#8221;4.20.4&#8243; width=&#8221;88%&#8221; max_width=&#8221;1131px&#8221; module_alignment=&#8221;center&#8221; min_height=&#8221;97.4px&#8221; global_colors_info=&#8221;{}&#8221;][et_pb_column type=&#8221;4_4&#8243; _builder_version=&#8221;4.16&#8243; custom_padding=&#8221;|||&#8221; global_colors_info=&#8221;{}&#8221; custom_padding__hover=&#8221;|||&#8221;][et_pb_text _builder_version=&#8221;4.20.4&#8243; text_font=&#8221;Montserrat||||||||&#8221; text_letter_spacing=&#8221;3px&#8221; header_font=&#8221;||||||||&#8221; header_2_font=&#8221;Lemon Milk Regular|700||on|||||&#8221; header_2_font_size=&#8221;46px&#8221; header_3_font=&#8221;Montserrat|||on|||||&#8221; header_3_text_color=&#8221;rgba(0,0,0,0.4)&#8221; header_3_font_size=&#8221;12px&#8221; header_3_letter_spacing=&#8221;1px&#8221; header_3_line_height=&#8221;1.8em&#8221; custom_margin=&#8221;||0px&#8221; header_2_font_size_tablet=&#8221;&#8221; header_2_font_size_phone=&#8221;30px&#8221; header_2_font_size_last_edited=&#8221;on|phone&#8221; locked=&#8221;off&#8221; global_colors_info=&#8221;{}&#8221;]<\/p>\n<h3>ALGO DE MI\u00a0<\/h3>\n<h2>PORTAFOLIO<\/h2>\n<p>[\/et_pb_text][et_pb_divider color=&#8221;#84b09b&#8221; divider_weight=&#8221;12px&#8221; _builder_version=&#8221;4.20.4&#8243; z_index=&#8221;-1&#8243; width=&#8221;250px&#8221; custom_margin=&#8221;-22px||&#8221; custom_margin_tablet=&#8221;&#8221; custom_margin_phone=&#8221;-18px||&#8221; custom_margin_last_edited=&#8221;on|desktop&#8221; locked=&#8221;off&#8221; global_colors_info=&#8221;{}&#8221;][\/et_pb_divider][\/et_pb_column][\/et_pb_row][et_pb_row column_structure=&#8221;1_3,1_3,1_3&#8243; use_custom_gutter=&#8221;on&#8221; gutter_width=&#8221;2&#8243; _builder_version=&#8221;4.24.1&#8243; transform_translate_linked=&#8221;off&#8221; width=&#8221;100%&#8221; max_width=&#8221;950px&#8221; module_alignment=&#8221;center&#8221; custom_margin=&#8221;|||-10vw&#8221; custom_margin_tablet=&#8221;|||5vw&#8221; custom_margin_phone=&#8221;&#8221; custom_margin_last_edited=&#8221;on|tablet&#8221; custom_padding=&#8221;||&#8221; hover_enabled=&#8221;0&#8243; global_colors_info=&#8221;{}&#8221; sticky_enabled=&#8221;0&#8243;][et_pb_column type=&#8221;1_3&#8243; _builder_version=&#8221;4.16&#8243; custom_padding=&#8221;|||&#8221; global_colors_info=&#8221;{}&#8221; custom_padding__hover=&#8221;|||&#8221;][et_pb_image src=&#8221;https:\/\/marcelacanedo.info.bo\/wp-content\/uploads\/2023\/04\/comunicacion360-1.jpg&#8221; title_text=&#8221;comunicacion360&#8243; align_tablet=&#8221;center&#8221; align_phone=&#8221;center&#8221; align_last_edited=&#8221;on|desktop&#8221; _builder_version=&#8221;4.24.1&#8243; hover_enabled=&#8221;0&#8243; box_shadow_style=&#8221;preset1&#8243; box_shadow_vertical=&#8221;12px&#8221; box_shadow_blur=&#8221;58px&#8221; box_shadow_color=&#8221;rgba(255,255,255,0.12)&#8221; global_colors_info=&#8221;{}&#8221; sticky_enabled=&#8221;0&#8243;][\/et_pb_image][\/et_pb_column][et_pb_column type=&#8221;1_3&#8243; _builder_version=&#8221;4.16&#8243; custom_padding=&#8221;|||&#8221; global_colors_info=&#8221;{}&#8221; custom_padding__hover=&#8221;|||&#8221;][et_pb_image src=&#8221;https:\/\/marcelacanedo.info.bo\/wp-content\/uploads\/2023\/04\/f3b5a056-88b6-4be8-8703-dc6352955775.jpeg&#8221; title_text=&#8221;f3b5a056-88b6-4be8-8703-dc6352955775&#8243; align_tablet=&#8221;center&#8221; align_phone=&#8221;center&#8221; align_last_edited=&#8221;on|desktop&#8221; _builder_version=&#8221;4.24.1&#8243; box_shadow_style=&#8221;preset1&#8243; box_shadow_vertical=&#8221;12px&#8221; box_shadow_blur=&#8221;58px&#8221; box_shadow_color=&#8221;rgba(255,255,255,0.12)&#8221; locked=&#8221;off&#8221; global_colors_info=&#8221;{}&#8221;][\/et_pb_image][\/et_pb_column][et_pb_column type=&#8221;1_3&#8243; _builder_version=&#8221;4.16&#8243; custom_padding=&#8221;|||&#8221; global_colors_info=&#8221;{}&#8221; custom_padding__hover=&#8221;|||&#8221;][et_pb_image src=&#8221;https:\/\/marcelacanedo.info.bo\/wp-content\/uploads\/2023\/04\/boletin-1.jpeg&#8221; title_text=&#8221;boletin&#8221; align_tablet=&#8221;center&#8221; align_phone=&#8221;center&#8221; align_last_edited=&#8221;on|desktop&#8221; _builder_version=&#8221;4.24.1&#8243; hover_enabled=&#8221;0&#8243; box_shadow_style=&#8221;preset1&#8243; box_shadow_vertical=&#8221;12px&#8221; box_shadow_blur=&#8221;58px&#8221; box_shadow_color=&#8221;rgba(255,255,255,0.12)&#8221; locked=&#8221;off&#8221; global_colors_info=&#8221;{}&#8221; sticky_enabled=&#8221;0&#8243;][\/et_pb_image][\/et_pb_column][\/et_pb_row][et_pb_row column_structure=&#8221;1_6,1_6,1_6,1_6,1_6,1_6&#8243; _builder_version=&#8221;4.20.4&#8243; _module_preset=&#8221;default&#8221; width=&#8221;100%&#8221; max_width=&#8221;769px&#8221; module_alignment=&#8221;right&#8221; global_colors_info=&#8221;{}&#8221;][et_pb_column type=&#8221;1_6&#8243; _builder_version=&#8221;4.20.4&#8243; _module_preset=&#8221;default&#8221; global_colors_info=&#8221;{}&#8221;][et_pb_text _builder_version=&#8221;4.20.4&#8243; _dynamic_attributes=&#8221;link_option_url&#8221; _module_preset=&#8221;default&#8221; text_font=&#8221;Letter Gothic STD Medium|700|||||||&#8221; link_option_url=&#8221;@ET-DC@eyJkeW5hbWljIjp0cnVlLCJjb250ZW50IjoicG9zdF9saW5rX3VybF9hdHRhY2htZW50Iiwic2V0dGluZ3MiOnsicG9zdF9pZCI6IjQwMiJ9fQ==@&#8221; global_colors_info=&#8221;{}&#8221;]<\/p>\n<p>Descargar<\/p>\n<p>[\/et_pb_text][\/et_pb_column][et_pb_column type=&#8221;1_6&#8243; _builder_version=&#8221;4.20.4&#8243; _module_preset=&#8221;default&#8221; global_colors_info=&#8221;{}&#8221;][et_pb_icon font_icon=&#8221;&#xf1c1;||fa||400&#8243; icon_color=&#8221;#84B09B&#8221; icon_width=&#8221;43px&#8221; align=&#8221;left&#8221; _builder_version=&#8221;4.20.4&#8243; _module_preset=&#8221;default&#8221; global_colors_info=&#8221;{}&#8221;][\/et_pb_icon][\/et_pb_column][et_pb_column type=&#8221;1_6&#8243; _builder_version=&#8221;4.20.4&#8243; _module_preset=&#8221;default&#8221; global_colors_info=&#8221;{}&#8221;][\/et_pb_column][et_pb_column type=&#8221;1_6&#8243; _builder_version=&#8221;4.20.4&#8243; _module_preset=&#8221;default&#8221; global_colors_info=&#8221;{}&#8221;][\/et_pb_column][et_pb_column type=&#8221;1_6&#8243; _builder_version=&#8221;4.20.4&#8243; _module_preset=&#8221;default&#8221; global_colors_info=&#8221;{}&#8221;][\/et_pb_column][et_pb_column type=&#8221;1_6&#8243; _builder_version=&#8221;4.20.4&#8243; _module_preset=&#8221;default&#8221; global_colors_info=&#8221;{}&#8221;][\/et_pb_column][\/et_pb_row][et_pb_row _builder_version=&#8221;4.20.4&#8243; _module_preset=&#8221;default&#8221; global_colors_info=&#8221;{}&#8221;][et_pb_column type=&#8221;4_4&#8243; _builder_version=&#8221;4.20.4&#8243; _module_preset=&#8221;default&#8221; global_colors_info=&#8221;{}&#8221;][et_pb_text _builder_version=&#8221;4.20.4&#8243; _module_preset=&#8221;default&#8221; global_colors_info=&#8221;{}&#8221;]<\/p>\n<p>Gestionar la comunicaci\u00f3n integral de la empresa o proyecto, logra resultados altamente efectivos en cuanto a mejora de clima y cultura organizacional, branding, relaciones con stakeholders y por supuesto, hoy, con las comunidades digitales a las que la marca necesita alcanzar y relacionarse a traves del mundo de las redes sociales.\u00a0<\/p>\n<p>[\/et_pb_text][\/et_pb_column][\/et_pb_row][et_pb_row _builder_version=&#8221;4.20.4&#8243; _module_preset=&#8221;default&#8221; global_colors_info=&#8221;{}&#8221;][et_pb_column type=&#8221;4_4&#8243; _builder_version=&#8221;4.20.4&#8243; _module_preset=&#8221;default&#8221; global_colors_info=&#8221;{}&#8221;][et_pb_video_slider show_image_overlay=&#8221;on&#8221; show_thumbnails=&#8221;off&#8221; _builder_version=&#8221;4.20.4&#8243; _module_preset=&#8221;default&#8221; global_colors_info=&#8221;{}&#8221;][et_pb_video_slider_item src=&#8221;https:\/\/youtu.be\/MCrkX0VaXjk&#8221; image_src=&#8221;<iframe title=%22Divi. The Ultimate WordPress Theme And Visual Page Builder%22 width=%221080%22 height=%22608%22 src=%22https:\/\/www.youtube.com\/embed\/FkQuawiGWUw?feature=oembed%22  allow=%22accelerometer; autoplay; clipboard-write; encrypted-media; gyroscope; picture-in-picture; web-share%22 allowfullscreen><\/iframe>&#8221; _builder_version=&#8221;4.20.4&#8243; _module_preset=&#8221;default&#8221; global_colors_info=&#8221;{}&#8221; show_image_overlay=&#8221;on&#8221;][\/et_pb_video_slider_item][et_pb_video_slider_item src=&#8221;https:\/\/youtu.be\/eIlcpx9WjxQ&#8221; image_src=&#8221;<iframe title=%22Divi. The Ultimate WordPress Theme And Visual Page Builder%22 width=%221080%22 height=%22608%22 src=%22https:\/\/www.youtube.com\/embed\/FkQuawiGWUw?feature=oembed%22  allow=%22accelerometer; autoplay; clipboard-write; encrypted-media; gyroscope; picture-in-picture; web-share%22 allowfullscreen><\/iframe>&#8221; _builder_version=&#8221;4.20.4&#8243; _module_preset=&#8221;default&#8221; global_colors_info=&#8221;{}&#8221; show_image_overlay=&#8221;on&#8221;][\/et_pb_video_slider_item][et_pb_video_slider_item src=&#8221;https:\/\/youtu.be\/LEa9CXVoOh8&#8243; image_src=&#8221;<iframe title=%22Divi. The Ultimate WordPress Theme And Visual Page Builder%22 width=%221080%22 height=%22608%22 src=%22https:\/\/www.youtube.com\/embed\/FkQuawiGWUw?feature=oembed%22  allow=%22accelerometer; autoplay; clipboard-write; encrypted-media; gyroscope; picture-in-picture; web-share%22 allowfullscreen><\/iframe>&#8221; _builder_version=&#8221;4.20.4&#8243; _module_preset=&#8221;default&#8221; global_colors_info=&#8221;{}&#8221; show_image_overlay=&#8221;on&#8221;][\/et_pb_video_slider_item][\/et_pb_video_slider][\/et_pb_column][\/et_pb_row][\/et_pb_section][et_pb_section fb_built=&#8221;1&#8243; admin_label=&#8221;Footer&#8221; _builder_version=&#8221;4.16&#8243; background_color=&#8221;#24272a&#8221; locked=&#8221;off&#8221; collapsed=&#8221;on&#8221; global_colors_info=&#8221;{}&#8221;][et_pb_row column_structure=&#8221;1_2,1_2&#8243; custom_padding_last_edited=&#8221;off|tablet&#8221; _builder_version=&#8221;4.16&#8243; custom_margin_tablet=&#8221;||0px&#8221; global_colors_info=&#8221;{}&#8221;][et_pb_column type=&#8221;1_2&#8243; _builder_version=&#8221;4.16&#8243; custom_padding=&#8221;|||&#8221; global_colors_info=&#8221;{}&#8221; custom_padding__hover=&#8221;|||&#8221;][et_pb_text _builder_version=&#8221;4.20.4&#8243; text_font=&#8221;Montserrat||||||||&#8221; text_letter_spacing=&#8221;3px&#8221; header_font=&#8221;||||||||&#8221; header_2_font=&#8221;Lemon Milk Regular|700||on|||||&#8221; header_2_font_size=&#8221;46px&#8221; header_3_font=&#8221;Letter Gothic STD Medium|||on|||||&#8221; header_3_text_color=&#8221;rgba(255,255,255,0.4)&#8221; header_3_font_size=&#8221;12px&#8221; header_3_letter_spacing=&#8221;1px&#8221; header_3_line_height=&#8221;1.8em&#8221; header_4_font=&#8221;Letter Gothic STD Medium|||on|||||&#8221; background_layout=&#8221;dark&#8221; header_2_font_size_tablet=&#8221;&#8221; header_2_font_size_phone=&#8221;30px&#8221; header_2_font_size_last_edited=&#8221;on|phone&#8221; locked=&#8221;off&#8221; global_colors_info=&#8221;{}&#8221;]<\/p>\n<h3>Comunicacion Estrategica<\/h3>\n<h2>MARCELA CANEDO<\/h2>\n<h4>Comunicadora Estratega<\/h4>\n<p>[\/et_pb_text][\/et_pb_column][et_pb_column type=&#8221;1_2&#8243; _builder_version=&#8221;4.16&#8243; custom_padding=&#8221;30px|||&#8221; global_colors_info=&#8221;{}&#8221; custom_padding__hover=&#8221;|||&#8221;][et_pb_button button_text=&#8221;QUIERO EL SERVICIO&#8221; button_alignment=&#8221;right&#8221; _builder_version=&#8221;4.20.4&#8243; custom_button=&#8221;on&#8221; button_text_size=&#8221;13px&#8221; button_text_color=&#8221;#ffffff&#8221; button_bg_color=&#8221;#84B09B&#8221; button_border_width=&#8221;0px&#8221; button_border_radius=&#8221;0px&#8221; button_letter_spacing=&#8221;2px&#8221; button_font=&#8221;|700||on|||||&#8221; button_icon=&#8221;&#x4c;||divi||400&#8243; button_on_hover=&#8221;off&#8221; custom_margin=&#8221;|||-12px&#8221; custom_padding=&#8221;16px|48px|16px|32px|true|false&#8221; custom_padding_last_edited=&#8221;off|desktop&#8221; locked=&#8221;off&#8221; global_colors_info=&#8221;{}&#8221; custom_padding__hover_enabled=&#8221;on&#8221; custom_padding__hover=&#8221;|52px||36px&#8221;][\/et_pb_button][\/et_pb_column][\/et_pb_row][\/et_pb_section]<\/p>\n","protected":false},"excerpt":{"rendered":"<p>Servicio Comunicacion 360comunicate con 360 grados de impacto &nbsp;Lograr un verdadero impacto en la comunidad y p\u00fablicos de inter\u00e9s para tu empresa demanda un trabajo estrat\u00e9gico bien planificado, que abarque todas las \u00e1reas de la Comunicaci\u00f3n Corporativa: Comunicaci\u00f3n Interna, Externa, Gr\u00e1fica\u00a0 y por supuesto, Relaciones P\u00fablicas. Tomarse el tiempo para dise\u00f1ar un plan as\u00ed &#8211; [&hellip;]<\/p>\n","protected":false},"author":1,"featured_media":0,"parent":0,"menu_order":0,"comment_status":"closed","ping_status":"closed","template":"","meta":{"_et_pb_use_builder":"on","_et_pb_old_content":"","_et_gb_content_width":"","footnotes":""},"class_list":["post-149","page","type-page","status-publish","hentry"],"_links":{"self":[{"href":"https:\/\/marcelacanedo.info.bo\/index.php\/wp-json\/wp\/v2\/pages\/149","targetHints":{"allow":["GET"]}}],"collection":[{"href":"https:\/\/marcelacanedo.info.bo\/index.php\/wp-json\/wp\/v2\/pages"}],"about":[{"href":"https:\/\/marcelacanedo.info.bo\/index.php\/wp-json\/wp\/v2\/types\/page"}],"author":[{"embeddable":true,"href":"https:\/\/marcelacanedo.info.bo\/index.php\/wp-json\/wp\/v2\/users\/1"}],"replies":[{"embeddable":true,"href":"https:\/\/marcelacanedo.info.bo\/index.php\/wp-json\/wp\/v2\/comments?post=149"}],"version-history":[{"count":28,"href":"https:\/\/marcelacanedo.info.bo\/index.php\/wp-json\/wp\/v2\/pages\/149\/revisions"}],"predecessor-version":[{"id":738,"href":"https:\/\/marcelacanedo.info.bo\/index.php\/wp-json\/wp\/v2\/pages\/149\/revisions\/738"}],"wp:attachment":[{"href":"https:\/\/marcelacanedo.info.bo\/index.php\/wp-json\/wp\/v2\/media?parent=149"}],"curies":[{"name":"wp","href":"https:\/\/api.w.org\/{rel}","templated":true}]}}