{"id":269,"date":"2023-04-19T16:02:02","date_gmt":"2023-04-19T16:02:02","guid":{"rendered":"https:\/\/marcelacanedo.com\/?page_id=269"},"modified":"2025-07-17T02:18:41","modified_gmt":"2025-07-17T02:18:41","slug":"estrategia-digital","status":"publish","type":"page","link":"https:\/\/marcelacanedo.info.bo\/index.php\/estrategia-digital\/","title":{"rendered":"Estrategia Digital"},"content":{"rendered":"<p>[et_pb_section fb_built=&#8221;1&#8243; background_color_2=&#8221;#141617&#8243; admin_label=&#8221;Header&#8221; _builder_version=&#8221;4.20.4&#8243; use_background_color_gradient=&#8221;on&#8221; background_color_gradient_stops=&#8221;#e3b155 0%|#fdb15b 100%&#8221; background_color_gradient_start=&#8221;#ffdb8b&#8221; background_color_gradient_end=&#8221;#fdb15b&#8221; z_index=&#8221;1&#8243; max_width=&#8221;80vw&#8221; overflow-y=&#8221;visible&#8221; custom_margin=&#8221;||50px|||&#8221; custom_padding=&#8221;|||||&#8221; locked=&#8221;off&#8221; collapsed=&#8221;on&#8221; global_colors_info=&#8221;{}&#8221;][et_pb_row custom_padding_last_edited=&#8221;on|desktop&#8221; _builder_version=&#8221;4.20.4&#8243; use_background_color_gradient=&#8221;on&#8221; background_color_gradient_direction=&#8221;162deg&#8221; background_color_gradient_stops=&#8221;#8bc799 0%|#84b09b 100%&#8221; background_color_gradient_start=&#8221;#fd7b5b&#8221; background_color_gradient_end=&#8221;#a92200&#8243; transform_scale_tablet=&#8221;&#8221; transform_scale_phone=&#8221;&#8221; transform_scale_last_edited=&#8221;on|desktop&#8221; transform_translate=&#8221;10vw|0px&#8221; transform_translate_tablet=&#8221;&#8221; transform_translate_phone=&#8221;5vw|0px&#8221; transform_translate_last_edited=&#8221;on|desktop&#8221; transform_translate_linked=&#8221;off&#8221; transform_rotate_tablet=&#8221;&#8221; transform_rotate_phone=&#8221;&#8221; transform_rotate_last_edited=&#8221;on|desktop&#8221; transform_skew_tablet=&#8221;&#8221; transform_skew_phone=&#8221;&#8221; transform_skew_last_edited=&#8221;on|desktop&#8221; transform_origin_tablet=&#8221;&#8221; transform_origin_phone=&#8221;&#8221; transform_origin_last_edited=&#8221;on|desktop&#8221; transform_styles_last_edited=&#8221;on|desktop&#8221; width=&#8221;80vw&#8221; width_tablet=&#8221;&#8221; width_phone=&#8221;90vw&#8221; width_last_edited=&#8221;on|desktop&#8221; custom_margin=&#8221;||-120px&#8221; custom_padding=&#8221;60px|60px|60px|60px|true|true&#8221; custom_padding_tablet=&#8221;&#8221; custom_padding_phone=&#8221;40px||40px|20px|true&#8221; transform_styles_tablet=&#8221;&#8221; transform_styles_phone=&#8221;&#8221; box_shadow_style=&#8221;preset1&#8243; box_shadow_vertical=&#8221;64px&#8221; box_shadow_blur=&#8221;64px&#8221; box_shadow_spread=&#8221;-12px&#8221; box_shadow_color=&#8221;rgba(20,22,23,0.24)&#8221; global_colors_info=&#8221;{}&#8221;][et_pb_column type=&#8221;4_4&#8243; _builder_version=&#8221;4.16&#8243; custom_padding=&#8221;|||&#8221; global_colors_info=&#8221;{}&#8221; custom_padding__hover=&#8221;|||&#8221;][et_pb_text _builder_version=&#8221;4.20.4&#8243; text_font=&#8221;Montserrat||||||||&#8221; text_letter_spacing=&#8221;3px&#8221; header_font=&#8221;Lemon Milk Regular|700|||||||&#8221; header_font_size=&#8221;86px&#8221; header_letter_spacing=&#8221;-3px&#8221; header_line_height=&#8221;0.9em&#8221; header_2_font=&#8221;Letter Gothic STD Medium|||on|||||&#8221; header_2_font_size=&#8221;24px&#8221; header_2_letter_spacing=&#8221;2px&#8221; header_2_line_height=&#8221;1.8em&#8221; background_layout=&#8221;dark&#8221; header_font_size_tablet=&#8221;60px&#8221; header_font_size_phone=&#8221;40px&#8221; header_font_size_last_edited=&#8221;on|phone&#8221; header_2_font_size_tablet=&#8221;14px&#8221; header_2_font_size_phone=&#8221;&#8221; header_2_font_size_last_edited=&#8221;on|tablet&#8221; locked=&#8221;off&#8221; global_colors_info=&#8221;{}&#8221;]<\/p>\n<h2>servicio<\/h2>\n<h1>estrategia digital<\/h1>\n<p>&nbsp;<\/p>\n<p>[\/et_pb_text][\/et_pb_column][\/et_pb_row][\/et_pb_section][et_pb_section fb_built=&#8221;1&#8243; admin_label=&#8221;Features&#8221; _builder_version=&#8221;4.20.4&#8243; collapsed=&#8221;on&#8221; global_colors_info=&#8221;{}&#8221;][et_pb_row column_structure=&#8221;2_5,3_5&#8243; _builder_version=&#8221;4.20.4&#8243; global_colors_info=&#8221;{}&#8221;][et_pb_column type=&#8221;2_5&#8243; _builder_version=&#8221;4.16&#8243; custom_padding=&#8221;3vw|||&#8221; global_colors_info=&#8221;{}&#8221; custom_padding__hover=&#8221;|||&#8221;][et_pb_text _builder_version=&#8221;4.20.4&#8243; text_font=&#8221;Montserrat||||||||&#8221; text_letter_spacing=&#8221;3px&#8221; header_font=&#8221;Lemon Milk Regular||||||||&#8221; header_2_font=&#8221;Lemon Milk Regular|700||on|||||&#8221; header_2_font_size=&#8221;46px&#8221; header_3_font=&#8221;Letter Gothic STD Medium|||on|||||&#8221; header_3_text_color=&#8221;rgba(0,0,0,0.4)&#8221; header_3_font_size=&#8221;12px&#8221; header_3_letter_spacing=&#8221;1px&#8221; header_3_line_height=&#8221;1.8em&#8221; width=&#8221;100%&#8221; custom_margin=&#8221;||0px&#8221; header_2_font_size_tablet=&#8221;&#8221; header_2_font_size_phone=&#8221;30px&#8221; header_2_font_size_last_edited=&#8221;on|phone&#8221; locked=&#8221;off&#8221; global_colors_info=&#8221;{}&#8221;]<\/p>\n<h3>\u00a0\u00b4<\/h3>\n<h3>Dile al mundo quien eres\u00a0<\/h3>\n<h2>DEFINE TU\u00a0 \u00a0 \u00a0 \u00a0 \u00a0\u00b4 VOZ\u00b4 EN REDES SOCIALES\u00a0<\/h2>\n<p>[\/et_pb_text][et_pb_divider color=&#8221;#84B09B&#8221; divider_weight=&#8221;12px&#8221; _builder_version=&#8221;4.20.4&#8243; z_index=&#8221;-1&#8243; width=&#8221;250px&#8221; custom_margin=&#8221;-22px||&#8221; custom_margin_tablet=&#8221;&#8221; custom_margin_phone=&#8221;-18px||&#8221; custom_margin_last_edited=&#8221;on|desktop&#8221; locked=&#8221;off&#8221; global_colors_info=&#8221;{}&#8221;][\/et_pb_divider][et_pb_text _builder_version=&#8221;4.16&#8243; text_font=&#8221;||||||||&#8221; text_font_size=&#8221;16px&#8221; text_line_height=&#8221;2em&#8221; global_colors_info=&#8221;{}&#8221;]<\/p>\n<p><em><span>Tener claro<\/span><\/em><span> <em><strong>que busca<\/strong> tu marca,<\/em> proyecto o empresa en sus comunicaciones online&#8230; <em>\u00a1<\/em><\/span><strong>te alivia! <\/strong><\/p>\n<p>&nbsp;<\/p>\n<p>[\/et_pb_text][\/et_pb_column][et_pb_column type=&#8221;3_5&#8243; _builder_version=&#8221;4.16&#8243; custom_padding=&#8221;|||&#8221; global_colors_info=&#8221;{}&#8221; custom_padding__hover=&#8221;|||&#8221;][et_pb_video src=&#8221;https:\/\/youtube.com\/shorts\/Ilk_fUzYeFk?feature=share&#8221; image_src=&#8221;\/\/i.ytimg.com\/vi\/Ilk_fUzYeFk\/hq2.jpg&#8221; play_icon_color=&#8221;#84B09B&#8221; _builder_version=&#8221;4.20.4&#8243; box_shadow_style=&#8221;preset4&#8243; box_shadow_horizontal=&#8221;300px&#8221; box_shadow_vertical=&#8221;0px&#8221; box_shadow_spread=&#8221;-40px&#8221; box_shadow_color=&#8221;rgba(20,22,23,0.06)&#8221; global_colors_info=&#8221;{}&#8221;][\/et_pb_video][\/et_pb_column][\/et_pb_row][et_pb_row _builder_version=&#8221;4.20.4&#8243; _module_preset=&#8221;default&#8221; min_height=&#8221;553.6px&#8221; custom_margin=&#8221;-31px|auto||auto||&#8221; global_colors_info=&#8221;{}&#8221;][et_pb_column type=&#8221;4_4&#8243; _builder_version=&#8221;4.20.4&#8243; _module_preset=&#8221;default&#8221; global_colors_info=&#8221;{}&#8221;][et_pb_text quote_border_color=&#8221;#84B09B&#8221; _builder_version=&#8221;4.20.4&#8243; _module_preset=&#8221;default&#8221; global_colors_info=&#8221;{}&#8221;]<\/p>\n<p><em>Los canales<\/em><em>\u00a0online son realmente importantes cuando la empresa o proyecto sabe para que las usa &#8230; <\/em><span style=\"font-size: 14px;\">Pero <\/span><em style=\"font-size: 14px;\">seamos realistas<strong>, <\/strong><\/em><span style=\"font-size: 14px;\">tener objetivos digitales definidos, saber que red social o plataforma priorizar para tu marca\u00a0 o definir los contenidos, su frecuencia e inversi\u00f3n pagada &#8230;. no es siempre tarea f\u00e1cil, aunque s\u00ed, <\/span><em style=\"font-size: 14px;\">muy necesaria<\/em><span style=\"font-size: 14px;\"> !! <\/span><\/p>\n<p><span style=\"font-size: 14px;\">Una Estrategia digital responde al <\/span><em>\u00a8para qu\u00e9\u00a8 <\/em><em>y al <\/em><em>\u00a8c\u00f3mo\u00a8 nos presentamos en redes, <\/em><span style=\"font-size: 14px;\">\u00a0e identifica las <span><strong><em>conversaciones y acciones digitales<\/em><\/strong> importantes para tu negocio ordenando e inspirando los contenidos de tu marca, logrando mejores alcance<\/span> e impacto en la audiencia de tu inter\u00e9s&#8230;. <em>sin duda esto es un alivio, \u00bfverdad?\u00a0<\/em><\/span><\/p>\n<h2><\/h2>\n<h2><\/h2>\n<h2><span style=\"color: #8bc799;\">RESULTADOS\u00a0<\/span>\u00a0<em><span><\/span><\/em><\/h2>\n<p><em><span><\/span><\/em><\/p>\n<p><em><span>\u00a1Basta de postear contenido sin lograr impacto! . Este servicio te ayuda a:\u00a0<\/span><\/em><\/p>\n<p>&nbsp;<\/p>\n<blockquote>\n<ul>\n<li><span>Enfocar tus <strong><em>Acciones digitales<\/em><\/strong> en lo verdaderamente importante para el posicionamiento de tu marca, empresa o proyecto. <\/span><\/li>\n<li><span>Definir una estructura clara de <em><strong>Contenidos<\/strong><\/em> para compartir en tus redes sociales o plataformas online<\/span><\/li>\n<li><span>Encontrar el tono de comunicaci\u00f3n o copywriting\u00a0 adecuado para crear <strong><em>la<\/em><\/strong> <em><strong>voz <\/strong><\/em>de tu marca, empresa o proyecto<\/span><\/li>\n<li><span>Identificar exactamente cual es el requerimiento de <em><strong>Dise\u00f1o gr\u00e1fico<\/strong><\/em> en cuanto a im\u00e1genes, fotograf\u00edas o videos,que hagan\u00a0 \u00a0 \u00a0 \u00a0 \u00a0 \u00a0 \u00a0 \u00a0 \u00a0 \u00a0 \u00a0 \u00a0 \u00a0 \u00a0 \u00a0 \u00a0 \u00a0 \u00a0 \u00a0 \u00a0 \u00a0 \u00a0 \u00a0 \u00a0 \u00a0 \u00a0 \u00a0 \u00a0 \u00a0 \u00a0 \u00a0 \u00a0 <\/span><span>atractivas tus comunicaciones y generen <em><strong>E<\/strong><strong>ngamment<\/strong><\/em>. <\/span><\/li>\n<li><span>Establecer la <strong><em>Periodicidad<\/em><\/strong> para tus publicaciones y un <em><strong>Presupuesto<\/strong><\/em> para tus campa\u00f1as pagadas.<\/span><\/li>\n<li><span><em><strong>Incrementar ventas<\/strong><\/em> a mediano y largo plazo\u00a0\u00a0<\/span><\/li>\n<\/ul>\n<\/blockquote>\n<p>[\/et_pb_text][\/et_pb_column][\/et_pb_row][\/et_pb_section][et_pb_section fb_built=&#8221;1&#8243; custom_padding_last_edited=&#8221;on|tablet&#8221; admin_label=&#8221;Gallery&#8221; _builder_version=&#8221;4.20.4&#8243; background_color=&#8221;#f3f6f9&#8243; z_index=&#8221;999&#8243; width=&#8221;100%&#8221; max_width=&#8221;100%&#8221; module_alignment=&#8221;left&#8221; custom_padding=&#8221;0px||&#8221; custom_padding_tablet=&#8221;50px|||&#8221; custom_padding_phone=&#8221;&#8221; locked=&#8221;off&#8221; collapsed=&#8221;off&#8221; global_colors_info=&#8221;{}&#8221;][et_pb_row _builder_version=&#8221;4.16&#8243; collapsed=&#8221;on&#8221; global_colors_info=&#8221;{}&#8221;][et_pb_column type=&#8221;4_4&#8243; _builder_version=&#8221;4.16&#8243; custom_padding=&#8221;|||&#8221; global_colors_info=&#8221;{}&#8221; custom_padding__hover=&#8221;|||&#8221;][et_pb_text _builder_version=&#8221;4.20.4&#8243; text_font=&#8221;Montserrat||||||||&#8221; text_letter_spacing=&#8221;3px&#8221; header_font=&#8221;||||||||&#8221; header_2_font=&#8221;Lemon Milk Regular|700||on|||||&#8221; header_2_font_size=&#8221;46px&#8221; header_3_font=&#8221;Letter Gothic STD Medium|||on|||||&#8221; header_3_text_color=&#8221;rgba(0,0,0,0.4)&#8221; header_3_font_size=&#8221;12px&#8221; header_3_letter_spacing=&#8221;1px&#8221; header_3_line_height=&#8221;1.8em&#8221; custom_margin=&#8221;||0px&#8221; header_2_font_size_tablet=&#8221;&#8221; header_2_font_size_phone=&#8221;30px&#8221; header_2_font_size_last_edited=&#8221;on|phone&#8221; locked=&#8221;off&#8221; global_colors_info=&#8221;{}&#8221;]<\/p>\n<h3>algo de mi\u00a0<\/h3>\n<h2>portafolio<\/h2>\n<p>[\/et_pb_text][et_pb_divider color=&#8221;#84B09B&#8221; divider_weight=&#8221;12px&#8221; _builder_version=&#8221;4.20.4&#8243; z_index=&#8221;-1&#8243; width=&#8221;250px&#8221; custom_margin=&#8221;-22px||&#8221; custom_margin_tablet=&#8221;&#8221; custom_margin_phone=&#8221;-18px||&#8221; custom_margin_last_edited=&#8221;on|desktop&#8221; locked=&#8221;off&#8221; global_colors_info=&#8221;{}&#8221;][\/et_pb_divider][\/et_pb_column][\/et_pb_row][et_pb_row column_structure=&#8221;1_3,1_3,1_3&#8243; use_custom_gutter=&#8221;on&#8221; gutter_width=&#8221;2&#8243; _builder_version=&#8221;4.24.1&#8243; transform_translate_linked=&#8221;off&#8221; width=&#8221;100%&#8221; max_width=&#8221;833px&#8221; module_alignment=&#8221;center&#8221; custom_margin=&#8221;|||-10vw&#8221; custom_margin_tablet=&#8221;|||5vw&#8221; custom_margin_phone=&#8221;&#8221; custom_margin_last_edited=&#8221;on|tablet&#8221; custom_padding=&#8221;||&#8221; hover_enabled=&#8221;0&#8243; global_colors_info=&#8221;{}&#8221; sticky_enabled=&#8221;0&#8243;][et_pb_column type=&#8221;1_3&#8243; _builder_version=&#8221;4.16&#8243; custom_padding=&#8221;|||&#8221; global_colors_info=&#8221;{}&#8221; custom_padding__hover=&#8221;|||&#8221;][et_pb_image src=&#8221;https:\/\/marcelacanedo.info.bo\/wp-content\/uploads\/2023\/04\/4e1eac56-5bbc-4f24-9b44-0550b2b015dd.jpeg&#8221; title_text=&#8221;torre2&#8243; align_tablet=&#8221;center&#8221; align_phone=&#8221;center&#8221; align_last_edited=&#8221;on|desktop&#8221; _builder_version=&#8221;4.24.1&#8243; hover_enabled=&#8221;0&#8243; box_shadow_style=&#8221;preset1&#8243; box_shadow_vertical=&#8221;12px&#8221; box_shadow_blur=&#8221;58px&#8221; box_shadow_color=&#8221;rgba(255,255,255,0.12)&#8221; global_colors_info=&#8221;{}&#8221; src__hover_enabled=&#8221;on|desktop&#8221; src__hover=&#8221;https:\/\/marcelacanedo.info.bo\/wp-content\/uploads\/2023\/04\/torre2-1.jpeg&#8221; sticky_enabled=&#8221;0&#8243;][\/et_pb_image][\/et_pb_column][et_pb_column type=&#8221;1_3&#8243; _builder_version=&#8221;4.16&#8243; custom_padding=&#8221;|||&#8221; global_colors_info=&#8221;{}&#8221; custom_padding__hover=&#8221;|||&#8221;][et_pb_image src=&#8221;https:\/\/marcelacanedo.info.bo\/wp-content\/uploads\/2023\/04\/clinica.jpeg&#8221; title_text=&#8221;torre2&#8243; align_tablet=&#8221;center&#8221; align_phone=&#8221;center&#8221; align_last_edited=&#8221;on|desktop&#8221; _builder_version=&#8221;4.24.1&#8243; hover_enabled=&#8221;0&#8243; box_shadow_style=&#8221;preset1&#8243; box_shadow_vertical=&#8221;12px&#8221; box_shadow_blur=&#8221;58px&#8221; box_shadow_color=&#8221;rgba(255,255,255,0.12)&#8221; global_colors_info=&#8221;{}&#8221; src__hover_enabled=&#8221;on|desktop&#8221; src__hover=&#8221;https:\/\/marcelacanedo.info.bo\/wp-content\/uploads\/2023\/04\/torre2-1.jpeg&#8221; sticky_enabled=&#8221;0&#8243;][\/et_pb_image][\/et_pb_column][et_pb_column type=&#8221;1_3&#8243; _builder_version=&#8221;4.20.4&#8243; _module_preset=&#8221;default&#8221; global_colors_info=&#8221;{}&#8221;][et_pb_image src=&#8221;https:\/\/marcelacanedo.info.bo\/wp-content\/uploads\/2023\/04\/identidad-1.jpeg&#8221; title_text=&#8221;identidad2&#8243; align_tablet=&#8221;center&#8221; align_phone=&#8221;center&#8221; align_last_edited=&#8221;on|desktop&#8221; _builder_version=&#8221;4.24.1&#8243; hover_enabled=&#8221;0&#8243; box_shadow_style=&#8221;preset1&#8243; box_shadow_vertical=&#8221;12px&#8221; box_shadow_blur=&#8221;58px&#8221; box_shadow_color=&#8221;rgba(255,255,255,0.12)&#8221; locked=&#8221;off&#8221; global_colors_info=&#8221;{}&#8221; src__hover_enabled=&#8221;on|hover&#8221; src__hover=&#8221;https:\/\/marcelacanedo.info.bo\/wp-content\/uploads\/2023\/04\/identidad2-1.jpeg&#8221; sticky_enabled=&#8221;0&#8243;][\/et_pb_image][\/et_pb_column][\/et_pb_row][et_pb_row _builder_version=&#8221;4.20.4&#8243; _module_preset=&#8221;default&#8221; global_colors_info=&#8221;{}&#8221;][et_pb_column type=&#8221;4_4&#8243; _builder_version=&#8221;4.20.4&#8243; _module_preset=&#8221;default&#8221; global_colors_info=&#8221;{}&#8221;][et_pb_text quote_border_color=&#8221;#84B09B&#8221; _builder_version=&#8221;4.20.4&#8243; _module_preset=&#8221;default&#8221; header_font=&#8221;Letter Gothic STD Medium||||||||&#8221; header_font_size=&#8221;15px&#8221; global_colors_info=&#8221;{}&#8221;]<\/p>\n<blockquote>\n<h1>Sea que se trate de comenzar de cero, con el dise\u00f1o de la identidad visual de marca o realizar tareas m\u00e1s complejas, como la optimizaci\u00f3n de tus campa\u00f1as de conversi\u00f3n o alcance, los beneficios de contar con una Estrategia Digital se traducen siempre en aumento de la relevancia de la marca en el mundo digital y consecuentemente, el crecimiento de una comunidad empatica con sus productos o servicios e identificada con sus valores corporativos.\u00a0\u00a0<\/h1>\n<h1><\/h1>\n<h1><\/h1>\n<\/blockquote>\n<p>[\/et_pb_text][\/et_pb_column][\/et_pb_row][\/et_pb_section][et_pb_section fb_built=&#8221;1&#8243; admin_label=&#8221;Features&#8221; _builder_version=&#8221;4.16&#8243; collapsed=&#8221;off&#8221; global_colors_info=&#8221;{}&#8221;][et_pb_row column_structure=&#8221;1_2,1_2&#8243; _builder_version=&#8221;4.20.4&#8243; global_colors_info=&#8221;{}&#8221;][et_pb_column type=&#8221;1_2&#8243; _builder_version=&#8221;4.16&#8243; custom_padding=&#8221;|||&#8221; global_colors_info=&#8221;{}&#8221; custom_padding__hover=&#8221;|||&#8221;][et_pb_video src=&#8221;https:\/\/www.youtube.com\/watch?v=lHP3i7BfP9M&#8221; image_src=&#8221;\/\/i.ytimg.com\/vi\/lHP3i7BfP9M\/hqdefault.jpg&#8221; play_icon_color=&#8221;#000000&#8243; _builder_version=&#8221;4.20.4&#8243; _module_preset=&#8221;default&#8221; global_colors_info=&#8221;{}&#8221;][\/et_pb_video][\/et_pb_column][et_pb_column type=&#8221;1_2&#8243; _builder_version=&#8221;4.20.4&#8243; custom_padding=&#8221;0vw||||false|false&#8221; global_colors_info=&#8221;{}&#8221; custom_padding__hover=&#8221;|||&#8221;][et_pb_text _builder_version=&#8221;4.20.4&#8243; text_font=&#8221;Letter Gothic STD Medium||||||||&#8221; text_font_size=&#8221;16px&#8221; text_line_height=&#8221;2em&#8221; global_colors_info=&#8221;{}&#8221;]<\/p>\n<p>Cuan importante es hoy para las empresas, proyectos o emprendedores contar con un espacio propio y activo en los canales online. Sea que tu marca tenga fines comerciales o sociales, la informaci\u00f3n que brinda debe ser actual y \u00fatil para el consumidor final y por supuesto, debe ser cuidada para que constantemente se este renovanda y genere el engagemente adecuado.\u00a0\u00a0<\/p>\n<p>[\/et_pb_text][\/et_pb_column][\/et_pb_row][\/et_pb_section][et_pb_section fb_built=&#8221;1&#8243; admin_label=&#8221;Footer&#8221; _builder_version=&#8221;4.16&#8243; background_color=&#8221;#24272a&#8221; locked=&#8221;off&#8221; global_colors_info=&#8221;{}&#8221;][et_pb_row column_structure=&#8221;1_2,1_2&#8243; custom_padding_last_edited=&#8221;off|tablet&#8221; _builder_version=&#8221;4.16&#8243; custom_margin_tablet=&#8221;||0px&#8221; global_colors_info=&#8221;{}&#8221;][et_pb_column type=&#8221;1_2&#8243; _builder_version=&#8221;4.16&#8243; custom_padding=&#8221;|||&#8221; global_colors_info=&#8221;{}&#8221; custom_padding__hover=&#8221;|||&#8221;][et_pb_text _builder_version=&#8221;4.20.4&#8243; text_font=&#8221;Montserrat||||||||&#8221; text_letter_spacing=&#8221;3px&#8221; header_font=&#8221;||||||||&#8221; header_2_font=&#8221;Lemon Milk Regular|700||on|||||&#8221; header_2_font_size=&#8221;46px&#8221; header_3_font=&#8221;Letter Gothic STD Medium|||on|||||&#8221; header_3_text_color=&#8221;rgba(255,255,255,0.4)&#8221; header_3_font_size=&#8221;12px&#8221; header_3_letter_spacing=&#8221;1px&#8221; header_3_line_height=&#8221;1.8em&#8221; header_4_font=&#8221;Letter Gothic STD Medium|||on|||||&#8221; background_layout=&#8221;dark&#8221; header_2_font_size_tablet=&#8221;&#8221; header_2_font_size_phone=&#8221;30px&#8221; header_2_font_size_last_edited=&#8221;on|phone&#8221; locked=&#8221;off&#8221; global_colors_info=&#8221;{}&#8221;]<\/p>\n<h3>ESTRATEGIA DIGITAL<\/h3>\n<h2>MARCELA CANEDO<\/h2>\n<h4>COMUNICADORA ESTRATEGA<\/h4>\n<p>[\/et_pb_text][\/et_pb_column][et_pb_column type=&#8221;1_2&#8243; _builder_version=&#8221;4.16&#8243; custom_padding=&#8221;30px|||&#8221; global_colors_info=&#8221;{}&#8221; custom_padding__hover=&#8221;|||&#8221;][et_pb_button button_text=&#8221;QUIERO TU SERVICIO&#8221; button_alignment=&#8221;right&#8221; _builder_version=&#8221;4.20.4&#8243; custom_button=&#8221;on&#8221; button_text_size=&#8221;13px&#8221; button_text_color=&#8221;#ffffff&#8221; button_bg_color=&#8221;#f56845&#8243; button_border_width=&#8221;0px&#8221; button_border_radius=&#8221;0px&#8221; button_letter_spacing=&#8221;2px&#8221; button_font=&#8221;|700||on|||||&#8221; button_icon=&#8221;&#x4c;||divi||400&#8243; button_on_hover=&#8221;off&#8221; custom_margin=&#8221;|||-12px&#8221; custom_padding=&#8221;16px|48px|16px|32px|true|false&#8221; custom_padding_last_edited=&#8221;off|desktop&#8221; locked=&#8221;off&#8221; global_colors_info=&#8221;{}&#8221; custom_padding__hover_enabled=&#8221;on&#8221; custom_padding__hover=&#8221;|52px||36px&#8221;][\/et_pb_button][\/et_pb_column][\/et_pb_row][\/et_pb_section]<\/p>\n","protected":false},"excerpt":{"rendered":"<p>servicio estrategia digital &nbsp;\u00a0\u00b4 Dile al mundo quien eres\u00a0 DEFINE TU\u00a0 \u00a0 \u00a0 \u00a0 \u00a0\u00b4 VOZ\u00b4 EN REDES SOCIALES\u00a0Tener claro que busca tu marca, proyecto o empresa en sus comunicaciones online&#8230; \u00a1te alivia! &nbsp;Los canales\u00a0online son realmente importantes cuando la empresa o proyecto sabe para que las usa &#8230; Pero seamos realistas, tener objetivos digitales [&hellip;]<\/p>\n","protected":false},"author":1,"featured_media":0,"parent":0,"menu_order":0,"comment_status":"closed","ping_status":"closed","template":"","meta":{"_et_pb_use_builder":"on","_et_pb_old_content":"","_et_gb_content_width":"","footnotes":""},"class_list":["post-269","page","type-page","status-publish","hentry"],"_links":{"self":[{"href":"https:\/\/marcelacanedo.info.bo\/index.php\/wp-json\/wp\/v2\/pages\/269","targetHints":{"allow":["GET"]}}],"collection":[{"href":"https:\/\/marcelacanedo.info.bo\/index.php\/wp-json\/wp\/v2\/pages"}],"about":[{"href":"https:\/\/marcelacanedo.info.bo\/index.php\/wp-json\/wp\/v2\/types\/page"}],"author":[{"embeddable":true,"href":"https:\/\/marcelacanedo.info.bo\/index.php\/wp-json\/wp\/v2\/users\/1"}],"replies":[{"embeddable":true,"href":"https:\/\/marcelacanedo.info.bo\/index.php\/wp-json\/wp\/v2\/comments?post=269"}],"version-history":[{"count":24,"href":"https:\/\/marcelacanedo.info.bo\/index.php\/wp-json\/wp\/v2\/pages\/269\/revisions"}],"predecessor-version":[{"id":755,"href":"https:\/\/marcelacanedo.info.bo\/index.php\/wp-json\/wp\/v2\/pages\/269\/revisions\/755"}],"wp:attachment":[{"href":"https:\/\/marcelacanedo.info.bo\/index.php\/wp-json\/wp\/v2\/media?parent=269"}],"curies":[{"name":"wp","href":"https:\/\/api.w.org\/{rel}","templated":true}]}}